{"id":8,"date":"2023-10-09T22:57:33","date_gmt":"2023-10-09T20:57:33","guid":{"rendered":"https:\/\/worldonepiece.com\/?page_id=8"},"modified":"2023-11-17T08:57:05","modified_gmt":"2023-11-17T07:57:05","slug":"live-action","status":"publish","type":"page","link":"https:\/\/worldonepiece.com\/index.php\/live-action\/","title":{"rendered":"LIVE ACTION ONE PIECE"},"content":{"rendered":"\n<div class=\"wp-block-media-text alignfull has-media-on-the-right is-stacked-on-mobile is-vertically-aligned-center is-style-default\" style=\"grid-template-columns:auto 52%\"><div class=\"wp-block-media-text__content\">\n<h2 class=\"wp-block-heading has-text-color\" style=\"color:#000000\"><strong>EPISODIO 1<\/strong><\/h2>\n\n\n\n<p>Luffy, un joven pirata con poderes de goma, sue\u00f1a con convertirse en el Rey de los Piratas. Conoce a Shanks, un poderoso pirata que le regala su sombrero de paja, un s\u00edmbolo de amistad y aventura. Luffy se embarca en un viaje para encontrar a su tripulaci\u00f3n y el One Piece, un tesoro legendario.<\/p>\n\n\n\n<p>En el camino, conoce a Zoro, un espadach\u00edn que quiere ser el mejor del mundo, y Nami, una ladrona que quiere trazar un mapa del mundo. Los tres se unen y derrotan al capit\u00e1n de la Marina Morgan, liberando a la ciudad de su tiran\u00eda.<\/p>\n\n\n\n<p>Luffy y su tripulaci\u00f3n contin\u00faan su viaje para encontrar el One Piece.<\/p>\n<\/div><figure class=\"wp-block-media-text__media\"><img loading=\"lazy\" decoding=\"async\" width=\"1024\" height=\"879\" src=\"https:\/\/worldonepiece.com\/wp-content\/uploads\/2023\/11\/Captura-de-pantalla-2023-11-15-a-las-11.36.52-1024x879.png\" alt=\"\" class=\"wp-image-383 size-full\" srcset=\"https:\/\/worldonepiece.com\/wp-content\/uploads\/2023\/11\/Captura-de-pantalla-2023-11-15-a-las-11.36.52-1024x879.png 1024w, https:\/\/worldonepiece.com\/wp-content\/uploads\/2023\/11\/Captura-de-pantalla-2023-11-15-a-las-11.36.52-300x258.png 300w, https:\/\/worldonepiece.com\/wp-content\/uploads\/2023\/11\/Captura-de-pantalla-2023-11-15-a-las-11.36.52-768x659.png 768w, https:\/\/worldonepiece.com\/wp-content\/uploads\/2023\/11\/Captura-de-pantalla-2023-11-15-a-las-11.36.52.png 1230w\" sizes=\"auto, (max-width: 1024px) 100vw, 1024px\" \/><\/figure><\/div>\n\n\n\n<div class=\"wp-block-buttons is-content-justification-center is-layout-flex wp-container-core-buttons-is-layout-a89b3969 wp-block-buttons-is-layout-flex\">\n<div class=\"wp-block-button\"><a class=\"wp-block-button__link wp-element-button\" href=\"https:\/\/www.netflix.com\/watch\/80218003?trackId=255824129\" target=\"_blank\" rel=\"noreferrer noopener\">VER EPISODIO 1 EN NETFLIX<\/a><\/div>\n<\/div>\n\n\n\n<hr class=\"wp-block-separator alignwide has-alpha-channel-opacity\"\/>\n\n\n\n<div class=\"wp-block-media-text alignfull is-stacked-on-mobile is-vertically-aligned-center\"><figure class=\"wp-block-media-text__media\"><img decoding=\"async\" src=\"https:\/\/s.w.org\/images\/core\/5.8\/architecture-04.jpg\" alt=\"Primer plano, vista abstracta de arquitectura.\"\/><\/figure><div class=\"wp-block-media-text__content\">\n<h2 class=\"wp-block-heading has-text-align-center has-text-color\" style=\"color:#000000\"><strong>Espacios abiertos<\/strong><\/h2>\n\n\n\n<p class=\"has-text-align-center has-extra-small-font-size\"><a href=\"#\">Ver estudio de caso \u2197<\/a><\/p>\n<\/div><\/div>\n","protected":false},"excerpt":{"rendered":"<p>EPISODIO 1 Luffy, un joven pirata con poderes de goma, sue\u00f1a con convertirse en el Rey de los Piratas. Conoce a Shanks, un poderoso pirata que le regala su sombrero de paja, un s\u00edmbolo de amistad y aventura. Luffy se embarca en un viaje para encontrar a su tripulaci\u00f3n y el One Piece, un tesoro [&hellip;]<\/p>\n","protected":false},"author":1,"featured_media":0,"parent":0,"menu_order":2,"comment_status":"closed","ping_status":"closed","template":"","meta":{"footnotes":""},"class_list":["post-8","page","type-page","status-publish","hentry"],"yoast_head":"<!-- This site is optimized with the Yoast SEO plugin v27.3 - https:\/\/yoast.com\/product\/yoast-seo-wordpress\/ -->\n<title>LIVE ACTION ONE PIECE - world one piece<\/title>\n<meta name=\"robots\" content=\"index, follow, max-snippet:-1, max-image-preview:large, max-video-preview:-1\" \/>\n<link rel=\"canonical\" href=\"https:\/\/worldonepiece.com\/index.php\/live-action\/\" \/>\n<meta property=\"og:locale\" content=\"es_ES\" \/>\n<meta property=\"og:type\" content=\"article\" \/>\n<meta property=\"og:title\" content=\"LIVE ACTION ONE PIECE - world one piece\" \/>\n<meta property=\"og:description\" content=\"EPISODIO 1 Luffy, un joven pirata con poderes de goma, sue\u00f1a con convertirse en el Rey de los Piratas. Conoce a Shanks, un poderoso pirata que le regala su sombrero de paja, un s\u00edmbolo de amistad y aventura. Luffy se embarca en un viaje para encontrar a su tripulaci\u00f3n y el One Piece, un tesoro [&hellip;]\" \/>\n<meta property=\"og:url\" content=\"https:\/\/worldonepiece.com\/index.php\/live-action\/\" \/>\n<meta property=\"og:site_name\" content=\"world one piece\" \/>\n<meta property=\"article:modified_time\" content=\"2023-11-17T07:57:05+00:00\" \/>\n<meta property=\"og:image\" content=\"https:\/\/worldonepiece.com\/wp-content\/uploads\/2023\/11\/Captura-de-pantalla-2023-11-15-a-las-11.36.52-1024x879.png\" \/>\n<meta name=\"twitter:card\" content=\"summary_large_image\" \/>\n<meta name=\"twitter:label1\" content=\"Tiempo de lectura\" \/>\n\t<meta name=\"twitter:data1\" content=\"1 minuto\" \/>\n<script type=\"application\/ld+json\" class=\"yoast-schema-graph\">{\"@context\":\"https:\\\/\\\/schema.org\",\"@graph\":[{\"@type\":\"WebPage\",\"@id\":\"https:\\\/\\\/worldonepiece.com\\\/index.php\\\/live-action\\\/\",\"url\":\"https:\\\/\\\/worldonepiece.com\\\/index.php\\\/live-action\\\/\",\"name\":\"LIVE ACTION ONE PIECE - world one piece\",\"isPartOf\":{\"@id\":\"https:\\\/\\\/worldonepiece.com\\\/#website\"},\"primaryImageOfPage\":{\"@id\":\"https:\\\/\\\/worldonepiece.com\\\/index.php\\\/live-action\\\/#primaryimage\"},\"image\":{\"@id\":\"https:\\\/\\\/worldonepiece.com\\\/index.php\\\/live-action\\\/#primaryimage\"},\"thumbnailUrl\":\"https:\\\/\\\/worldonepiece.com\\\/wp-content\\\/uploads\\\/2023\\\/11\\\/Captura-de-pantalla-2023-11-15-a-las-11.36.52-1024x879.png\",\"datePublished\":\"2023-10-09T20:57:33+00:00\",\"dateModified\":\"2023-11-17T07:57:05+00:00\",\"breadcrumb\":{\"@id\":\"https:\\\/\\\/worldonepiece.com\\\/index.php\\\/live-action\\\/#breadcrumb\"},\"inLanguage\":\"es\",\"potentialAction\":[{\"@type\":\"ReadAction\",\"target\":[\"https:\\\/\\\/worldonepiece.com\\\/index.php\\\/live-action\\\/\"]}]},{\"@type\":\"ImageObject\",\"inLanguage\":\"es\",\"@id\":\"https:\\\/\\\/worldonepiece.com\\\/index.php\\\/live-action\\\/#primaryimage\",\"url\":\"https:\\\/\\\/worldonepiece.com\\\/wp-content\\\/uploads\\\/2023\\\/11\\\/Captura-de-pantalla-2023-11-15-a-las-11.36.52.png\",\"contentUrl\":\"https:\\\/\\\/worldonepiece.com\\\/wp-content\\\/uploads\\\/2023\\\/11\\\/Captura-de-pantalla-2023-11-15-a-las-11.36.52.png\",\"width\":1230,\"height\":1056},{\"@type\":\"BreadcrumbList\",\"@id\":\"https:\\\/\\\/worldonepiece.com\\\/index.php\\\/live-action\\\/#breadcrumb\",\"itemListElement\":[{\"@type\":\"ListItem\",\"position\":1,\"name\":\"Portada\",\"item\":\"https:\\\/\\\/worldonepiece.com\\\/\"},{\"@type\":\"ListItem\",\"position\":2,\"name\":\"LIVE ACTION ONE PIECE\"}]},{\"@type\":\"WebSite\",\"@id\":\"https:\\\/\\\/worldonepiece.com\\\/#website\",\"url\":\"https:\\\/\\\/worldonepiece.com\\\/\",\"name\":\"world one piece\",\"description\":\"Toda la informaci\u00f3n mas relevante sobre el mundo de one piece\",\"publisher\":{\"@id\":\"https:\\\/\\\/worldonepiece.com\\\/#\\\/schema\\\/person\\\/a0d7b4978b20e61291adb0c435c91960\"},\"potentialAction\":[{\"@type\":\"SearchAction\",\"target\":{\"@type\":\"EntryPoint\",\"urlTemplate\":\"https:\\\/\\\/worldonepiece.com\\\/?s={search_term_string}\"},\"query-input\":{\"@type\":\"PropertyValueSpecification\",\"valueRequired\":true,\"valueName\":\"search_term_string\"}}],\"inLanguage\":\"es\"},{\"@type\":[\"Person\",\"Organization\"],\"@id\":\"https:\\\/\\\/worldonepiece.com\\\/#\\\/schema\\\/person\\\/a0d7b4978b20e61291adb0c435c91960\",\"name\":\"MDL.\",\"image\":{\"@type\":\"ImageObject\",\"inLanguage\":\"es\",\"@id\":\"https:\\\/\\\/secure.gravatar.com\\\/avatar\\\/8575c2e04668161477daf34e9f04aa53aab9de90617b4ac77c4746ce782ef5fa?s=96&d=mm&r=g\",\"url\":\"https:\\\/\\\/secure.gravatar.com\\\/avatar\\\/8575c2e04668161477daf34e9f04aa53aab9de90617b4ac77c4746ce782ef5fa?s=96&d=mm&r=g\",\"contentUrl\":\"https:\\\/\\\/secure.gravatar.com\\\/avatar\\\/8575c2e04668161477daf34e9f04aa53aab9de90617b4ac77c4746ce782ef5fa?s=96&d=mm&r=g\",\"caption\":\"MDL.\"},\"logo\":{\"@id\":\"https:\\\/\\\/secure.gravatar.com\\\/avatar\\\/8575c2e04668161477daf34e9f04aa53aab9de90617b4ac77c4746ce782ef5fa?s=96&d=mm&r=g\"},\"sameAs\":[\"https:\\\/\\\/worldonepiece.com\"]}]}<\/script>\n<!-- \/ Yoast SEO plugin. -->","yoast_head_json":{"title":"LIVE ACTION ONE PIECE - world one piece","robots":{"index":"index","follow":"follow","max-snippet":"max-snippet:-1","max-image-preview":"max-image-preview:large","max-video-preview":"max-video-preview:-1"},"canonical":"https:\/\/worldonepiece.com\/index.php\/live-action\/","og_locale":"es_ES","og_type":"article","og_title":"LIVE ACTION ONE PIECE - world one piece","og_description":"EPISODIO 1 Luffy, un joven pirata con poderes de goma, sue\u00f1a con convertirse en el Rey de los Piratas. Conoce a Shanks, un poderoso pirata que le regala su sombrero de paja, un s\u00edmbolo de amistad y aventura. Luffy se embarca en un viaje para encontrar a su tripulaci\u00f3n y el One Piece, un tesoro [&hellip;]","og_url":"https:\/\/worldonepiece.com\/index.php\/live-action\/","og_site_name":"world one piece","article_modified_time":"2023-11-17T07:57:05+00:00","og_image":[{"url":"https:\/\/worldonepiece.com\/wp-content\/uploads\/2023\/11\/Captura-de-pantalla-2023-11-15-a-las-11.36.52-1024x879.png","type":"","width":"","height":""}],"twitter_card":"summary_large_image","twitter_misc":{"Tiempo de lectura":"1 minuto"},"schema":{"@context":"https:\/\/schema.org","@graph":[{"@type":"WebPage","@id":"https:\/\/worldonepiece.com\/index.php\/live-action\/","url":"https:\/\/worldonepiece.com\/index.php\/live-action\/","name":"LIVE ACTION ONE PIECE - world one piece","isPartOf":{"@id":"https:\/\/worldonepiece.com\/#website"},"primaryImageOfPage":{"@id":"https:\/\/worldonepiece.com\/index.php\/live-action\/#primaryimage"},"image":{"@id":"https:\/\/worldonepiece.com\/index.php\/live-action\/#primaryimage"},"thumbnailUrl":"https:\/\/worldonepiece.com\/wp-content\/uploads\/2023\/11\/Captura-de-pantalla-2023-11-15-a-las-11.36.52-1024x879.png","datePublished":"2023-10-09T20:57:33+00:00","dateModified":"2023-11-17T07:57:05+00:00","breadcrumb":{"@id":"https:\/\/worldonepiece.com\/index.php\/live-action\/#breadcrumb"},"inLanguage":"es","potentialAction":[{"@type":"ReadAction","target":["https:\/\/worldonepiece.com\/index.php\/live-action\/"]}]},{"@type":"ImageObject","inLanguage":"es","@id":"https:\/\/worldonepiece.com\/index.php\/live-action\/#primaryimage","url":"https:\/\/worldonepiece.com\/wp-content\/uploads\/2023\/11\/Captura-de-pantalla-2023-11-15-a-las-11.36.52.png","contentUrl":"https:\/\/worldonepiece.com\/wp-content\/uploads\/2023\/11\/Captura-de-pantalla-2023-11-15-a-las-11.36.52.png","width":1230,"height":1056},{"@type":"BreadcrumbList","@id":"https:\/\/worldonepiece.com\/index.php\/live-action\/#breadcrumb","itemListElement":[{"@type":"ListItem","position":1,"name":"Portada","item":"https:\/\/worldonepiece.com\/"},{"@type":"ListItem","position":2,"name":"LIVE ACTION ONE PIECE"}]},{"@type":"WebSite","@id":"https:\/\/worldonepiece.com\/#website","url":"https:\/\/worldonepiece.com\/","name":"world one piece","description":"Toda la informaci\u00f3n mas relevante sobre el mundo de one piece","publisher":{"@id":"https:\/\/worldonepiece.com\/#\/schema\/person\/a0d7b4978b20e61291adb0c435c91960"},"potentialAction":[{"@type":"SearchAction","target":{"@type":"EntryPoint","urlTemplate":"https:\/\/worldonepiece.com\/?s={search_term_string}"},"query-input":{"@type":"PropertyValueSpecification","valueRequired":true,"valueName":"search_term_string"}}],"inLanguage":"es"},{"@type":["Person","Organization"],"@id":"https:\/\/worldonepiece.com\/#\/schema\/person\/a0d7b4978b20e61291adb0c435c91960","name":"MDL.","image":{"@type":"ImageObject","inLanguage":"es","@id":"https:\/\/secure.gravatar.com\/avatar\/8575c2e04668161477daf34e9f04aa53aab9de90617b4ac77c4746ce782ef5fa?s=96&d=mm&r=g","url":"https:\/\/secure.gravatar.com\/avatar\/8575c2e04668161477daf34e9f04aa53aab9de90617b4ac77c4746ce782ef5fa?s=96&d=mm&r=g","contentUrl":"https:\/\/secure.gravatar.com\/avatar\/8575c2e04668161477daf34e9f04aa53aab9de90617b4ac77c4746ce782ef5fa?s=96&d=mm&r=g","caption":"MDL."},"logo":{"@id":"https:\/\/secure.gravatar.com\/avatar\/8575c2e04668161477daf34e9f04aa53aab9de90617b4ac77c4746ce782ef5fa?s=96&d=mm&r=g"},"sameAs":["https:\/\/worldonepiece.com"]}]}},"_links":{"self":[{"href":"https:\/\/worldonepiece.com\/index.php\/wp-json\/wp\/v2\/pages\/8","targetHints":{"allow":["GET"]}}],"collection":[{"href":"https:\/\/worldonepiece.com\/index.php\/wp-json\/wp\/v2\/pages"}],"about":[{"href":"https:\/\/worldonepiece.com\/index.php\/wp-json\/wp\/v2\/types\/page"}],"author":[{"embeddable":true,"href":"https:\/\/worldonepiece.com\/index.php\/wp-json\/wp\/v2\/users\/1"}],"replies":[{"embeddable":true,"href":"https:\/\/worldonepiece.com\/index.php\/wp-json\/wp\/v2\/comments?post=8"}],"version-history":[{"count":2,"href":"https:\/\/worldonepiece.com\/index.php\/wp-json\/wp\/v2\/pages\/8\/revisions"}],"predecessor-version":[{"id":384,"href":"https:\/\/worldonepiece.com\/index.php\/wp-json\/wp\/v2\/pages\/8\/revisions\/384"}],"wp:attachment":[{"href":"https:\/\/worldonepiece.com\/index.php\/wp-json\/wp\/v2\/media?parent=8"}],"curies":[{"name":"wp","href":"https:\/\/api.w.org\/{rel}","templated":true}]}}